{"id":357,"date":"2020-04-06T14:22:29","date_gmt":"2020-04-06T12:22:29","guid":{"rendered":"http:\/\/www.invin.cz\/ueber-invin\/technicky-dozor\/"},"modified":"2020-04-20T12:31:35","modified_gmt":"2020-04-20T10:31:35","slug":"sigeko","status":"publish","type":"page","link":"https:\/\/www.invin.cz\/de\/ueber-invin\/sigeko\/","title":{"rendered":"SiGeKo"},"content":{"rendered":"<ul>\n<li>Er wacht \u00fcber die Einhaltung der Arbeitssicherheit am Bau und eliminiert die Risiken eventueller Verletzungen.<\/li>\n<li>Er meldet den Bau dem Organ der Arbeitsinspektion gem\u00e4\u00df Gesetz 309\/2006 und der Novelle 88\/2016.<\/li>\n<li>Er erstellt und aktualisiert den Arbeitsschutzplan.<\/li>\n<li>Er organisiert Kontrolltage des Arbeitsschutzes.<\/li>\n<li>Er f\u00fchrt regelm\u00e4\u00dfige Kontrollen des Baus durch, mit dem Ziel, dass die Arbeitsschutzvorschriften eingehalten werden.<\/li>\n<li>Er meldet dem Investor jeden Fall der Verletzung des Arbeitsschutzes vonseiten des Auftragnehmers<br \/>\neinschl. Vorschlag und Auflistung der Sanktionen gem\u00e4\u00df Werkvertrag.<\/li>\n<li>Er f\u00fchrt die finale Auswertung des Projekts im Hinblick auf die Einhaltung des Arbeitsschutzes durch.<\/li>\n<\/ul>\n","protected":false},"excerpt":{"rendered":"<p>Er wacht \u00fcber die Einhaltung der Arbeitssicherheit am Bau und eliminiert die Risiken eventueller Verletzungen. Er meldet den Bau dem Organ der Arbeitsinspektion gem\u00e4\u00df Gesetz 309\/2006 und der Novelle 88\/2016. Er erstellt und aktualisiert den Arbeitsschutzplan. Er organisiert Kontrolltage des Arbeitsschutzes. Er f\u00fchrt regelm\u00e4\u00dfige Kontrollen des Baus durch, mit dem Ziel, dass die Arbeitsschutzvorschriften eingehalten&#8230;<\/p>\n","protected":false},"author":3,"featured_media":223,"parent":313,"menu_order":30,"comment_status":"closed","ping_status":"closed","template":"template-sluzba.php","meta":{"_acf_changed":false,"footnotes":""},"class_list":["post-357","page","type-page","status-publish","has-post-thumbnail","hentry"],"acf":[],"_links":{"self":[{"href":"https:\/\/www.invin.cz\/de\/wp-json\/wp\/v2\/pages\/357","targetHints":{"allow":["GET"]}}],"collection":[{"href":"https:\/\/www.invin.cz\/de\/wp-json\/wp\/v2\/pages"}],"about":[{"href":"https:\/\/www.invin.cz\/de\/wp-json\/wp\/v2\/types\/page"}],"author":[{"embeddable":true,"href":"https:\/\/www.invin.cz\/de\/wp-json\/wp\/v2\/users\/3"}],"replies":[{"embeddable":true,"href":"https:\/\/www.invin.cz\/de\/wp-json\/wp\/v2\/comments?post=357"}],"version-history":[{"count":0,"href":"https:\/\/www.invin.cz\/de\/wp-json\/wp\/v2\/pages\/357\/revisions"}],"up":[{"embeddable":true,"href":"https:\/\/www.invin.cz\/de\/wp-json\/wp\/v2\/pages\/313"}],"wp:featuredmedia":[{"embeddable":true,"href":"https:\/\/www.invin.cz\/de\/wp-json\/wp\/v2\/media\/223"}],"wp:attachment":[{"href":"https:\/\/www.invin.cz\/de\/wp-json\/wp\/v2\/media?parent=357"}],"curies":[{"name":"wp","href":"https:\/\/api.w.org\/{rel}","templated":true}]}}