{"id":353,"date":"2020-04-06T14:25:15","date_gmt":"2020-04-06T12:25:15","guid":{"rendered":"http:\/\/www.invin.cz\/ueber-invin\/sprava-staveb\/"},"modified":"2020-04-20T12:28:44","modified_gmt":"2020-04-20T10:28:44","slug":"verwalter-des-baus","status":"publish","type":"page","link":"https:\/\/www.invin.cz\/de\/ueber-invin\/verwalter-des-baus\/","title":{"rendered":"Baumanager"},"content":{"rendered":"<h2>Umfang der T\u00e4tigkeit des Verwalters des Baus sind folgende T\u00e4tigkeiten:<\/h2>\n<ul>\n<li>Aus\u00fcbung der Bauverwaltung gem\u00e4\u00df der FIDIC-Regeln.<\/li>\n<li>Vertretung des Auftraggebers im Rahmen der Bauprozesse, die durch die FIDIC-Vertragsmuster geregelt sind.<\/li>\n<li>Professionelle Verwaltung des Projekts einschlie\u00dflich neutrale Leitung des Verh\u00e4ltnisses Auftraggeber-Auftragnehmer zur Wahrung des rechtm\u00e4\u00dfigen Gleichgewichts zwischen den beteiligten Parteien.<\/li>\n<li>Kontrolle und Abnahme der durchgef\u00fchrten Arbeiten, Zahlungen, \u00dcbernahmen und Durchf\u00fchrungen des Werks.<\/li>\n<li>Kontrolle der Konformit\u00e4t mit dem Vertrag und dem Zeitplan der Arbeiten.<\/li>\n<li>Claim Management.<\/li>\n<li>Alle unsere Mitarbeiter wurden durch die Tschechische Kammer f\u00fcr Beratungsingenieure CACE geschult und zertifiziert.<\/li>\n<li>Die Gesellschaft INVIN ist Mitglied der Tschechischen Kammer f\u00fcr Beratungsingenieure CACE.<\/li>\n<\/ul>\n","protected":false},"excerpt":{"rendered":"<p>Umfang der T\u00e4tigkeit des Verwalters des Baus sind folgende T\u00e4tigkeiten: Aus\u00fcbung der Bauverwaltung gem\u00e4\u00df der FIDIC-Regeln. Vertretung des Auftraggebers im Rahmen der Bauprozesse, die durch die FIDIC-Vertragsmuster geregelt sind. Professionelle Verwaltung des Projekts einschlie\u00dflich neutrale Leitung des Verh\u00e4ltnisses Auftraggeber-Auftragnehmer zur Wahrung des rechtm\u00e4\u00dfigen Gleichgewichts zwischen den beteiligten Parteien. Kontrolle und Abnahme der durchgef\u00fchrten Arbeiten, Zahlungen,&#8230;<\/p>\n","protected":false},"author":3,"featured_media":237,"parent":313,"menu_order":50,"comment_status":"closed","ping_status":"closed","template":"template-sluzba.php","meta":{"_acf_changed":false,"footnotes":""},"class_list":["post-353","page","type-page","status-publish","has-post-thumbnail","hentry"],"acf":[],"_links":{"self":[{"href":"https:\/\/www.invin.cz\/de\/wp-json\/wp\/v2\/pages\/353","targetHints":{"allow":["GET"]}}],"collection":[{"href":"https:\/\/www.invin.cz\/de\/wp-json\/wp\/v2\/pages"}],"about":[{"href":"https:\/\/www.invin.cz\/de\/wp-json\/wp\/v2\/types\/page"}],"author":[{"embeddable":true,"href":"https:\/\/www.invin.cz\/de\/wp-json\/wp\/v2\/users\/3"}],"replies":[{"embeddable":true,"href":"https:\/\/www.invin.cz\/de\/wp-json\/wp\/v2\/comments?post=353"}],"version-history":[{"count":0,"href":"https:\/\/www.invin.cz\/de\/wp-json\/wp\/v2\/pages\/353\/revisions"}],"up":[{"embeddable":true,"href":"https:\/\/www.invin.cz\/de\/wp-json\/wp\/v2\/pages\/313"}],"wp:featuredmedia":[{"embeddable":true,"href":"https:\/\/www.invin.cz\/de\/wp-json\/wp\/v2\/media\/237"}],"wp:attachment":[{"href":"https:\/\/www.invin.cz\/de\/wp-json\/wp\/v2\/media?parent=353"}],"curies":[{"name":"wp","href":"https:\/\/api.w.org\/{rel}","templated":true}]}}