{"id":347,"date":"2020-04-06T14:18:35","date_gmt":"2020-04-06T12:18:35","guid":{"rendered":"http:\/\/www.invin.cz\/ueber-invin\/projektovy-management\/"},"modified":"2020-04-20T12:31:12","modified_gmt":"2020-04-20T10:31:12","slug":"projektleitung","status":"publish","type":"page","link":"https:\/\/www.invin.cz\/de\/ueber-invin\/projektleitung\/","title":{"rendered":"Projektleitung"},"content":{"rendered":"<h2>Die PL umfasst folgende T\u00e4tigkeiten:<\/h2>\n<ul>\n<li>\u00dcbernahme aller Unterlagen und Informationen, deren Analyse und Festlegung eines Leitungssystems.<\/li>\n<li>Festlegung des Leitterminplans des Projekts.<\/li>\n<li>Koordination und Aufsicht auf die Projektarbeiten von der Studie bis zur Ausschreibungsdokumentation.<\/li>\n<li>Organisation der Ausschreibung f\u00fcr den Bauunternehmer.<\/li>\n<li>Organisation und Leitung der Baut\u00e4tigkeit, Reporting.<\/li>\n<li>Regelm\u00e4\u00dfige Ausarbeitung von Berichten \u00fcber den Bauverlauf mit Identifizierung eventueller Probleme und Vorschlage zu deren L\u00f6sung.<\/li>\n<li>Organisation umfassender Pr\u00fcfungen, einschlie\u00dflich abschlie\u00dfender \u00dcbernahme des Werks.<\/li>\n<li>Mitwirkung, Sicherstellung der Bauabnahme.<\/li>\n<li>Sicherstellung der Kontrollen zur Beseitigung von M\u00e4ngeln.<\/li>\n<li>Finale Sicherstellung aller Unterlagen, deren Archivierung und \u00dcbergabe an den Investor.<\/li>\n<li>Leitung von Reklamationsverfahren im Rahmen der Garantiezeit.<\/li>\n<\/ul>\n","protected":false},"excerpt":{"rendered":"<p>Die PL umfasst folgende T\u00e4tigkeiten: \u00dcbernahme aller Unterlagen und Informationen, deren Analyse und Festlegung eines Leitungssystems. Festlegung des Leitterminplans des Projekts. Koordination und Aufsicht auf die Projektarbeiten von der Studie bis zur Ausschreibungsdokumentation. Organisation der Ausschreibung f\u00fcr den Bauunternehmer. Organisation und Leitung der Baut\u00e4tigkeit, Reporting. Regelm\u00e4\u00dfige Ausarbeitung von Berichten \u00fcber den Bauverlauf mit Identifizierung eventueller&#8230;<\/p>\n","protected":false},"author":3,"featured_media":217,"parent":313,"menu_order":10,"comment_status":"closed","ping_status":"closed","template":"template-sluzba.php","meta":{"_acf_changed":false,"footnotes":""},"class_list":["post-347","page","type-page","status-publish","has-post-thumbnail","hentry"],"acf":[],"_links":{"self":[{"href":"https:\/\/www.invin.cz\/de\/wp-json\/wp\/v2\/pages\/347","targetHints":{"allow":["GET"]}}],"collection":[{"href":"https:\/\/www.invin.cz\/de\/wp-json\/wp\/v2\/pages"}],"about":[{"href":"https:\/\/www.invin.cz\/de\/wp-json\/wp\/v2\/types\/page"}],"author":[{"embeddable":true,"href":"https:\/\/www.invin.cz\/de\/wp-json\/wp\/v2\/users\/3"}],"replies":[{"embeddable":true,"href":"https:\/\/www.invin.cz\/de\/wp-json\/wp\/v2\/comments?post=347"}],"version-history":[{"count":0,"href":"https:\/\/www.invin.cz\/de\/wp-json\/wp\/v2\/pages\/347\/revisions"}],"up":[{"embeddable":true,"href":"https:\/\/www.invin.cz\/de\/wp-json\/wp\/v2\/pages\/313"}],"wp:featuredmedia":[{"embeddable":true,"href":"https:\/\/www.invin.cz\/de\/wp-json\/wp\/v2\/media\/217"}],"wp:attachment":[{"href":"https:\/\/www.invin.cz\/de\/wp-json\/wp\/v2\/media?parent=347"}],"curies":[{"name":"wp","href":"https:\/\/api.w.org\/{rel}","templated":true}]}}