{"id":342,"date":"2020-04-06T14:23:00","date_gmt":"2020-04-06T12:23:00","guid":{"rendered":"http:\/\/www.invin.cz\/ueber-invin\/koordinator-bozp\/"},"modified":"2020-04-20T12:28:18","modified_gmt":"2020-04-20T10:28:18","slug":"bauaufsicht","status":"publish","type":"page","link":"https:\/\/www.invin.cz\/de\/ueber-invin\/bauaufsicht\/","title":{"rendered":"Bauaufsicht"},"content":{"rendered":"<h2>Die Bauaufsicht umfasst folgende T\u00e4tigkeiten:<\/h2>\n<ul>\n<li>Protokollarische \u00dcbergabe der Baustelle an den Auftragnehmer.<\/li>\n<li>Beobachtung im Verlauf des ganzen Bauprozesses, ob die Umsetzung des Werks gem\u00e4\u00df der vereinbarten und best\u00e4tigten Projektdokumentation, im Einklang mit der Baugenehmigung und der Stellungnahme der Organe der Staatsverwaltung, im Einklang mit den Interessen der Denkmalaufsicht und mit den Anforderungen des zuk\u00fcnftigen Nutzers durchgef\u00fchrt wird.<\/li>\n<li>Organisation regelm\u00e4\u00dfiger Kontrolltage des Baus, deren Leitung und Erstellung von Protokollen.<\/li>\n<li>Verfolgung des Preises f\u00fcr das Werk im Hinblick auf die abgeschlossenen Vertr\u00e4ge und die vereinbarten zus\u00e4tzlichen bzw. geringeren Kosten.<\/li>\n<li>Kontrolle der Preisberechnungen f\u00fcr vereinbarte Mehr- bzw. Minderarbeiten im Hinblick auf die Vereinbarung des Werkvertrags und die Ausarbeitung der Stellungnahme f\u00fcr den Investor zu diesen Berechnungen.<\/li>\n<li>Kontrolle der Vollst\u00e4ndigkeit, der sachlichen und preislichen Richtigkeit der Rechnungen (Bepreisungsunterlagen) des Auftragnehmers, deren Konformit\u00e4t mit den im Vertrag angef\u00fchrten Bedingungen, Best\u00e4tigung der Feststellungsprotokolle und Auflistung der durchgef\u00fchrten Arbeiten (im Fall jeglicher Nichtkonformit\u00e4t R\u00fcckgabe an den Auftragnehmer zur Ausbesserung und \u00dcberarbeitung).<\/li>\n<li>St\u00e4ndige Kontrolle und \u00dcberwachung der Qualit\u00e4t s\u00e4mtlicher Teile des Baus und der durchgef\u00fchrten Arbeiten einschl. Kontrolle und Tests der Materialien, die im Bau verarbeitet werden sollen.<\/li>\n<li>Schriftliche \u00dcbernahme der hochwertigen Durchf\u00fchrung solcher Abschnitte des Baus, die durch weitere Arbeitsschritte verdeckt werden oder unzug\u00e4nglich werden, durch Eintrag in das Bautagebuch.<\/li>\n<li>Verfolgung der insgesamten Qualit\u00e4t der durchgef\u00fchrten Arbeiten.<\/li>\n<li>Kontrolle der Arbeitsprozesse gem\u00e4\u00df Zeitplan des Baus, Vorschl\u00e4ge zur Behebung entstandener Zeitverz\u00f6gerungen.<\/li>\n<li>Fortlaufende Arbeit an den Unterlagen zur Kollaudation.<\/li>\n<li>Anfertigung einer M\u00e4ngelliste, Verfolgen und Protokollieren der Best\u00e4tigung von deren Beseitigung.<\/li>\n<li>Organisatorische Sicherstellung des Kollaudationsverfahrens, ggf. der Genehmigung f\u00fcr den Testbetrieb.<\/li>\n<li>Kontrolle der Reinigung der Baustelle in den Ursprungszustand.<\/li>\n<\/ul>\n","protected":false},"excerpt":{"rendered":"<p>Die Bauaufsicht umfasst folgende T\u00e4tigkeiten: Protokollarische \u00dcbergabe der Baustelle an den Auftragnehmer. Beobachtung im Verlauf des ganzen Bauprozesses, ob die Umsetzung des Werks gem\u00e4\u00df der vereinbarten und best\u00e4tigten Projektdokumentation, im Einklang mit der Baugenehmigung und der Stellungnahme der Organe der Staatsverwaltung, im Einklang mit den Interessen der Denkmalaufsicht und mit den Anforderungen des zuk\u00fcnftigen Nutzers&#8230;<\/p>\n","protected":false},"author":3,"featured_media":233,"parent":313,"menu_order":40,"comment_status":"closed","ping_status":"closed","template":"template-sluzba.php","meta":{"_acf_changed":false,"footnotes":""},"class_list":["post-342","page","type-page","status-publish","has-post-thumbnail","hentry"],"acf":[],"_links":{"self":[{"href":"https:\/\/www.invin.cz\/de\/wp-json\/wp\/v2\/pages\/342","targetHints":{"allow":["GET"]}}],"collection":[{"href":"https:\/\/www.invin.cz\/de\/wp-json\/wp\/v2\/pages"}],"about":[{"href":"https:\/\/www.invin.cz\/de\/wp-json\/wp\/v2\/types\/page"}],"author":[{"embeddable":true,"href":"https:\/\/www.invin.cz\/de\/wp-json\/wp\/v2\/users\/3"}],"replies":[{"embeddable":true,"href":"https:\/\/www.invin.cz\/de\/wp-json\/wp\/v2\/comments?post=342"}],"version-history":[{"count":0,"href":"https:\/\/www.invin.cz\/de\/wp-json\/wp\/v2\/pages\/342\/revisions"}],"up":[{"embeddable":true,"href":"https:\/\/www.invin.cz\/de\/wp-json\/wp\/v2\/pages\/313"}],"wp:featuredmedia":[{"embeddable":true,"href":"https:\/\/www.invin.cz\/de\/wp-json\/wp\/v2\/media\/233"}],"wp:attachment":[{"href":"https:\/\/www.invin.cz\/de\/wp-json\/wp\/v2\/media?parent=342"}],"curies":[{"name":"wp","href":"https:\/\/api.w.org\/{rel}","templated":true}]}}