{"id":331,"date":"2020-04-06T14:21:53","date_gmt":"2020-04-06T12:21:53","guid":{"rendered":"http:\/\/www.invin.cz\/ueber-invin\/cost-management\/"},"modified":"2020-04-20T12:30:32","modified_gmt":"2020-04-20T10:30:32","slug":"kostenmanagement","status":"publish","type":"page","link":"https:\/\/www.invin.cz\/de\/ueber-invin\/kostenmanagement\/","title":{"rendered":"Kostenmanagement"},"content":{"rendered":"<h2>Das Kostenmanagement umfasst folgende T\u00e4tigkeiten:<\/h2>\n<ul>\n<li>Analyse s\u00e4mtlicher Unterlagen, Aufstellung eines Finanzplans.<\/li>\n<li>Mitarbeit an Optimierungen zusammen mit dem Team f\u00fcr Value Engineering.<\/li>\n<li>Mitarbeit an der Organisation der Ausschreibung f\u00fcr den Bauunternehmer.<\/li>\n<li>Regelm\u00e4\u00dfige monatliche Auswertung des tats\u00e4chlichen Baustands.<\/li>\n<li>Validierung der monatlichen Rechnungen des Auftragnehmers.<\/li>\n<li>Bewertung von \u00c4nderungen (\u00c4nderungsbl\u00e4tter) und deren Verhandlung mit dem Investor.<\/li>\n<li>Ausarbeitung und Kontrolle der Abschlussabrechnung des Werks.<\/li>\n<li>Ausarbeitung des finalen Finanzberichts mit Auswertung des Endergebnisses des Projekts.<\/li>\n<li>Kontrolle und Freigabe des Sicherheitseinbehalts an den Auftragnehmer gem\u00e4\u00df Werkvertrag.<\/li>\n<\/ul>\n","protected":false},"excerpt":{"rendered":"<p>Das Kostenmanagement umfasst folgende T\u00e4tigkeiten: Analyse s\u00e4mtlicher Unterlagen, Aufstellung eines Finanzplans. Mitarbeit an Optimierungen zusammen mit dem Team f\u00fcr Value Engineering. Mitarbeit an der Organisation der Ausschreibung f\u00fcr den Bauunternehmer. Regelm\u00e4\u00dfige monatliche Auswertung des tats\u00e4chlichen Baustands. Validierung der monatlichen Rechnungen des Auftragnehmers. Bewertung von \u00c4nderungen (\u00c4nderungsbl\u00e4tter) und deren Verhandlung mit dem Investor. Ausarbeitung und Kontrolle&#8230;<\/p>\n","protected":false},"author":3,"featured_media":303,"parent":313,"menu_order":20,"comment_status":"closed","ping_status":"closed","template":"template-sluzba.php","meta":{"_acf_changed":false,"footnotes":""},"class_list":["post-331","page","type-page","status-publish","has-post-thumbnail","hentry"],"acf":[],"_links":{"self":[{"href":"https:\/\/www.invin.cz\/de\/wp-json\/wp\/v2\/pages\/331","targetHints":{"allow":["GET"]}}],"collection":[{"href":"https:\/\/www.invin.cz\/de\/wp-json\/wp\/v2\/pages"}],"about":[{"href":"https:\/\/www.invin.cz\/de\/wp-json\/wp\/v2\/types\/page"}],"author":[{"embeddable":true,"href":"https:\/\/www.invin.cz\/de\/wp-json\/wp\/v2\/users\/3"}],"replies":[{"embeddable":true,"href":"https:\/\/www.invin.cz\/de\/wp-json\/wp\/v2\/comments?post=331"}],"version-history":[{"count":0,"href":"https:\/\/www.invin.cz\/de\/wp-json\/wp\/v2\/pages\/331\/revisions"}],"up":[{"embeddable":true,"href":"https:\/\/www.invin.cz\/de\/wp-json\/wp\/v2\/pages\/313"}],"wp:featuredmedia":[{"embeddable":true,"href":"https:\/\/www.invin.cz\/de\/wp-json\/wp\/v2\/media\/303"}],"wp:attachment":[{"href":"https:\/\/www.invin.cz\/de\/wp-json\/wp\/v2\/media?parent=331"}],"curies":[{"name":"wp","href":"https:\/\/api.w.org\/{rel}","templated":true}]}}