{"id":325,"date":"2020-04-06T14:28:13","date_gmt":"2020-04-06T12:28:13","guid":{"rendered":"http:\/\/www.invin.cz\/ueber-invin\/construction-management\/"},"modified":"2020-04-20T12:29:47","modified_gmt":"2020-04-20T10:29:47","slug":"construction-management","status":"publish","type":"page","link":"https:\/\/www.invin.cz\/de\/ueber-invin\/construction-management\/","title":{"rendered":"Construction Management"},"content":{"rendered":"<h2>Das CM umfasst folgende T\u00e4tigkeiten:<\/h2>\n<ul>\n<li>\u00dcbernahme aller Unterlagen und Informationen, deren Analyse und Einstellung des Systems zur Projektleitung einschlie\u00dflich Festlegung der Optimierung der Verteilung des Projekts auf einzelne Pakete.<\/li>\n<li>Festlegung des Leitterminplans des Projekts.<\/li>\n<li>Koordination und Aufsicht auf die Projektarbeiten von der Studie bis zur Ausschreibungsdokumentation.<\/li>\n<li>Sicherstellung von Ausschreibungen f\u00fcr einzelne Subunternehmer, Vorbereitung der Vertragsdokumentation.<\/li>\n<li>Leitung der Umsetzung des Baus \u2013 \u00dcbergabe der Baustelle an die einzelnen Lieferanten und deren anschlie\u00dfende Koordination.<\/li>\n<li>Organisation und Leitung der Baut\u00e4tigkeit, Reporting.<\/li>\n<li>Regelm\u00e4\u00dfige Ausarbeitung von Berichten \u00fcber den Bauverlauf mit Identifizierung eventueller Probleme und Vorschlage zu deren L\u00f6sung.<\/li>\n<li>Organisation der Abnahme von Teilen des Werks von einzelnen Lieferanten.<\/li>\n<li>Organisation umfassender Pr\u00fcfungen.<\/li>\n<li>Mitwirkung, Sicherstellung der Bauabnahme.<\/li>\n<li>Sicherstellung der Kontrollen zur Beseitigung von M\u00e4ngeln.<\/li>\n<li>Finale Sicherstellung aller Unterlagen, deren Archivierung und \u00dcbergabe an den Investor.<\/li>\n<li>Leitung von Reklamationsverfahren im Rahmen der Garantiezeit.<\/li>\n<\/ul>\n","protected":false},"excerpt":{"rendered":"<p>Das CM umfasst folgende T\u00e4tigkeiten: \u00dcbernahme aller Unterlagen und Informationen, deren Analyse und Einstellung des Systems zur Projektleitung einschlie\u00dflich Festlegung der Optimierung der Verteilung des Projekts auf einzelne Pakete. Festlegung des Leitterminplans des Projekts. Koordination und Aufsicht auf die Projektarbeiten von der Studie bis zur Ausschreibungsdokumentation. Sicherstellung von Ausschreibungen f\u00fcr einzelne Subunternehmer, Vorbereitung der Vertragsdokumentation&#8230;.<\/p>\n","protected":false},"author":3,"featured_media":241,"parent":313,"menu_order":70,"comment_status":"closed","ping_status":"closed","template":"template-sluzba.php","meta":{"_acf_changed":false,"footnotes":""},"class_list":["post-325","page","type-page","status-publish","has-post-thumbnail","hentry"],"acf":[],"_links":{"self":[{"href":"https:\/\/www.invin.cz\/de\/wp-json\/wp\/v2\/pages\/325","targetHints":{"allow":["GET"]}}],"collection":[{"href":"https:\/\/www.invin.cz\/de\/wp-json\/wp\/v2\/pages"}],"about":[{"href":"https:\/\/www.invin.cz\/de\/wp-json\/wp\/v2\/types\/page"}],"author":[{"embeddable":true,"href":"https:\/\/www.invin.cz\/de\/wp-json\/wp\/v2\/users\/3"}],"replies":[{"embeddable":true,"href":"https:\/\/www.invin.cz\/de\/wp-json\/wp\/v2\/comments?post=325"}],"version-history":[{"count":0,"href":"https:\/\/www.invin.cz\/de\/wp-json\/wp\/v2\/pages\/325\/revisions"}],"up":[{"embeddable":true,"href":"https:\/\/www.invin.cz\/de\/wp-json\/wp\/v2\/pages\/313"}],"wp:featuredmedia":[{"embeddable":true,"href":"https:\/\/www.invin.cz\/de\/wp-json\/wp\/v2\/media\/241"}],"wp:attachment":[{"href":"https:\/\/www.invin.cz\/de\/wp-json\/wp\/v2\/media?parent=325"}],"curies":[{"name":"wp","href":"https:\/\/api.w.org\/{rel}","templated":true}]}}