{"id":321,"date":"2020-04-02T15:39:54","date_gmt":"2020-04-02T13:39:54","guid":{"rendered":"http:\/\/www.invin.cz\/kariera\/"},"modified":"2020-04-20T10:36:21","modified_gmt":"2020-04-20T08:36:21","slug":"karriere","status":"publish","type":"page","link":"https:\/\/www.invin.cz\/de\/karriere\/","title":{"rendered":"Karriere"},"content":{"rendered":"<p><img loading=\"lazy\" decoding=\"async\" class=\"alignnone size-full wp-image-4684\" src=\"http:\/\/www.invin.cz\/wp-content\/uploads\/2020\/04\/bg-img_team-photo_kariera-2.jpg\" alt=\"\" width=\"1627\" height=\"521\" srcset=\"https:\/\/www.invin.cz\/wp-content\/uploads\/2020\/04\/bg-img_team-photo_kariera-2.jpg 1627w, https:\/\/www.invin.cz\/wp-content\/uploads\/2020\/04\/bg-img_team-photo_kariera-2-300x96.jpg 300w, https:\/\/www.invin.cz\/wp-content\/uploads\/2020\/04\/bg-img_team-photo_kariera-2-1024x328.jpg 1024w, https:\/\/www.invin.cz\/wp-content\/uploads\/2020\/04\/bg-img_team-photo_kariera-2-768x246.jpg 768w, https:\/\/www.invin.cz\/wp-content\/uploads\/2020\/04\/bg-img_team-photo_kariera-2-1536x492.jpg 1536w\" sizes=\"auto, (max-width: 1627px) 100vw, 1627px\" \/><\/p>\n<h2>Wir suchen neue Mitarbeiter<\/h2>\n<p>Gef\u00e4llt dir unsere Arbeit? Bist du dynamisch, verl\u00e4sslich und flei\u00dfig? Wir suchen neue erfahrene Experten sowie begabte Absolventen.<\/p>\n<p>Sende uns deinen Lebenslauf an <a href=\"mailto:kariera@invin.cz\">kariera@invin.cz<\/a>.<\/p>\n<p><strong>Bis bald!<\/strong><\/p>\n<div class=\"button-wrap text-center\"><a class=\"button\" href=\"mailto:kariera@invin.cz\">E-Mail mit Lebenslauf senden<\/a><\/div>\n","protected":false},"excerpt":{"rendered":"<p>Wir suchen neue Mitarbeiter Gef\u00e4llt dir unsere Arbeit? Bist du dynamisch, verl\u00e4sslich und flei\u00dfig? Wir suchen neue erfahrene Experten sowie begabte Absolventen. Sende uns deinen Lebenslauf an kariera@invin.cz. Bis bald!<\/p>\n","protected":false},"author":3,"featured_media":269,"parent":0,"menu_order":0,"comment_status":"closed","ping_status":"closed","template":"template-kariera.php","meta":{"_acf_changed":false,"footnotes":""},"class_list":["post-321","page","type-page","status-publish","has-post-thumbnail","hentry"],"acf":[],"_links":{"self":[{"href":"https:\/\/www.invin.cz\/de\/wp-json\/wp\/v2\/pages\/321","targetHints":{"allow":["GET"]}}],"collection":[{"href":"https:\/\/www.invin.cz\/de\/wp-json\/wp\/v2\/pages"}],"about":[{"href":"https:\/\/www.invin.cz\/de\/wp-json\/wp\/v2\/types\/page"}],"author":[{"embeddable":true,"href":"https:\/\/www.invin.cz\/de\/wp-json\/wp\/v2\/users\/3"}],"replies":[{"embeddable":true,"href":"https:\/\/www.invin.cz\/de\/wp-json\/wp\/v2\/comments?post=321"}],"version-history":[{"count":0,"href":"https:\/\/www.invin.cz\/de\/wp-json\/wp\/v2\/pages\/321\/revisions"}],"wp:featuredmedia":[{"embeddable":true,"href":"https:\/\/www.invin.cz\/de\/wp-json\/wp\/v2\/media\/269"}],"wp:attachment":[{"href":"https:\/\/www.invin.cz\/de\/wp-json\/wp\/v2\/media?parent=321"}],"curies":[{"name":"wp","href":"https:\/\/api.w.org\/{rel}","templated":true}]}}